{"id":42050,"date":"2026-04-27T01:44:10","date_gmt":"2026-04-27T01:44:10","guid":{"rendered":"https:\/\/agrotechtyres.com\/product\/23-1-26-ceat-farmax-tl-16pr-reifen\/"},"modified":"2026-04-28T22:53:18","modified_gmt":"2026-04-28T22:53:18","slug":"23-1-26-ceat-farmax-tl-16pr-reifen","status":"publish","type":"product","link":"https:\/\/agrotechtyres.com\/de\/produkt\/23-1-26-ceat-farmax-tl-16pr-reifen\/","title":{"rendered":"23.1-26 CEAT FARMAX TL 16PR Reifen"},"content":{"rendered":"<p>Der 23.1-26 CEAT FARMAX TL 16PR Reifen ist ein diagonaler TL Reifen f\u00fcr Traktor und professionelle Maschinenanwendungen.<\/p>\n<p>Das Modell FARMAX eignet sich f\u00fcr Eins\u00e4tze, bei denen zuverl\u00e4ssige Traktion, Stabilit\u00e4t und eine passende Tragf\u00e4higkeit wichtig sind. Wichtige technische Angaben: 16PR.<\/p>\n<p>AgroTech Solution liefert Landwirtschafts-, Industrie- und Baumaschinenreifen in Europa. Kontaktieren Sie uns, um aktuelle Verf\u00fcgbarkeit, Lieferoptionen und die passende Reifenl\u00f6sung f\u00fcr Ihre Maschine zu best\u00e4tigen.<\/p>\n","protected":false},"excerpt":{"rendered":"<p>Landwirtschaftsreifen f\u00fcr zuverl\u00e4ssige Traktion, Stabilit\u00e4t und Leistung unter anspruchsvollen Einsatzbedingungen.<\/p>\n","protected":false},"featured_media":38060,"comment_status":"open","ping_status":"closed","template":"","meta":{"inline_featured_image":false},"product_brand":[],"product_cat":[1623],"product_tag":[1688,1965,2751,2749,2773,1701,2748,2752],"class_list":{"0":"post-42050","1":"product","2":"type-product","3":"status-publish","4":"has-post-thumbnail","6":"product_cat-landwirtschaftsreifen","7":"product_tag-16pr","8":"product_tag-23-1-26","9":"product_tag-agriculture","10":"product_tag-ceat","11":"product_tag-diagonal-2","12":"product_tag-farmax","13":"product_tag-tl","14":"product_tag-tractor","15":"pa_application-traktor","16":"pa_brand-ceat","17":"pa_construction-diagonal","18":"pa_model-farmax-de","19":"pa_pr-16-de","20":"pa_rim-diameter-26-de-2","21":"pa_tl-tt-tl","22":"pa_tyre-size-23-1-26-de","23":"pa_width-23-1-de-2","25":"first","26":"instock","27":"taxable","28":"shipping-taxable","29":"purchasable","30":"product-type-simple"},"_links":{"self":[{"href":"https:\/\/agrotechtyres.com\/de\/wp-json\/wp\/v2\/product\/42050","targetHints":{"allow":["GET"]}}],"collection":[{"href":"https:\/\/agrotechtyres.com\/de\/wp-json\/wp\/v2\/product"}],"about":[{"href":"https:\/\/agrotechtyres.com\/de\/wp-json\/wp\/v2\/types\/product"}],"replies":[{"embeddable":true,"href":"https:\/\/agrotechtyres.com\/de\/wp-json\/wp\/v2\/comments?post=42050"}],"version-history":[{"count":1,"href":"https:\/\/agrotechtyres.com\/de\/wp-json\/wp\/v2\/product\/42050\/revisions"}],"predecessor-version":[{"id":42395,"href":"https:\/\/agrotechtyres.com\/de\/wp-json\/wp\/v2\/product\/42050\/revisions\/42395"}],"wp:featuredmedia":[{"embeddable":true,"href":"https:\/\/agrotechtyres.com\/de\/wp-json\/wp\/v2\/media\/38060"}],"wp:attachment":[{"href":"https:\/\/agrotechtyres.com\/de\/wp-json\/wp\/v2\/media?parent=42050"}],"wp:term":[{"taxonomy":"product_brand","embeddable":true,"href":"https:\/\/agrotechtyres.com\/de\/wp-json\/wp\/v2\/product_brand?post=42050"},{"taxonomy":"product_cat","embeddable":true,"href":"https:\/\/agrotechtyres.com\/de\/wp-json\/wp\/v2\/product_cat?post=42050"},{"taxonomy":"product_tag","embeddable":true,"href":"https:\/\/agrotechtyres.com\/de\/wp-json\/wp\/v2\/product_tag?post=42050"}],"curies":[{"name":"wp","href":"https:\/\/api.w.org\/{rel}","templated":true}]}}