{"id":42048,"date":"2026-04-28T22:34:06","date_gmt":"2026-04-28T22:34:06","guid":{"rendered":"https:\/\/agrotechtyres.com\/product\/21-00-35-40pr-el35-westlake-tl-und-set-air-seal-ring-reifen\/"},"modified":"2026-04-28T22:34:06","modified_gmt":"2026-04-28T22:34:06","slug":"21-00-35-40pr-el35-westlake-tl-und-set-air-seal-ring-reifen","status":"publish","type":"product","link":"https:\/\/agrotechtyres.com\/de\/produkt\/21-00-35-40pr-el35-westlake-tl-und-set-air-seal-ring-reifen\/","title":{"rendered":"21.00-35-40PR EL35 WESTLAKE TL&#038;SET Air Seal Ring Reifen"},"content":{"rendered":"<p>Der 21.00-35-40PR EL35 WESTLAKE TL&amp;SET Air Seal Ring Reifen ist ein diagonaler TL Reifen f\u00fcr sonstige Industrie- und Baumaschinen und professionelle Maschinenanwendungen.<\/p>\n<p>Das Modell EL35 &amp; Air Seal Ring eignet sich f\u00fcr Eins\u00e4tze, bei denen zuverl\u00e4ssige Traktion, Stabilit\u00e4t und eine passende Tragf\u00e4higkeit wichtig sind. Wichtige technische Angaben: 40PR, Profiltyp L3.<\/p>\n<p>AgroTech Solution liefert Landwirtschafts-, Industrie- und Baumaschinenreifen in Europa. Kontaktieren Sie uns, um aktuelle Verf\u00fcgbarkeit, Lieferoptionen und die passende Reifenl\u00f6sung f\u00fcr Ihre Maschine zu best\u00e4tigen.<\/p>\n","protected":false},"excerpt":{"rendered":"<p>Baumaschinenreifen f\u00fcr Lader, Grader und Erdbewegungsmaschinen mit zuverl\u00e4ssiger Leistung im professionellen Einsatz.<\/p>\n","protected":false},"featured_media":41500,"comment_status":"open","ping_status":"closed","template":"","meta":{"inline_featured_image":false},"product_brand":[],"product_cat":[2628],"product_tag":[1960,1910,2771,2772,2773,1961,2748,1670],"class_list":{"0":"post-42048","1":"product","2":"type-product","3":"status-publish","4":"has-post-thumbnail","6":"product_cat-baumaschinenreifen","7":"product_tag-21-00-35","8":"product_tag-40pr","9":"product_tag-bau","10":"product_tag-cwl-sonstige-industrie-bau","11":"product_tag-diagonal-2","12":"product_tag-el35-air-seal-ring","13":"product_tag-tl","14":"product_tag-westlake","15":"pa_application-cwl-sonstige-industrie-und-baumaschinen","16":"pa_brand-westlake","17":"pa_construction-diagonal","18":"pa_model-el35-air-seal-ring","19":"pa_pr-1940","20":"pa_rim-diameter-2619","21":"pa_tl-tt-tl","22":"pa_tread-type-l3","23":"pa_tyre-size-21-00-35","24":"pa_width-2618","26":"first","27":"instock","28":"taxable","29":"shipping-taxable","30":"purchasable","31":"product-type-simple"},"_links":{"self":[{"href":"https:\/\/agrotechtyres.com\/de\/wp-json\/wp\/v2\/product\/42048","targetHints":{"allow":["GET"]}}],"collection":[{"href":"https:\/\/agrotechtyres.com\/de\/wp-json\/wp\/v2\/product"}],"about":[{"href":"https:\/\/agrotechtyres.com\/de\/wp-json\/wp\/v2\/types\/product"}],"replies":[{"embeddable":true,"href":"https:\/\/agrotechtyres.com\/de\/wp-json\/wp\/v2\/comments?post=42048"}],"version-history":[{"count":1,"href":"https:\/\/agrotechtyres.com\/de\/wp-json\/wp\/v2\/product\/42048\/revisions"}],"predecessor-version":[{"id":43431,"href":"https:\/\/agrotechtyres.com\/de\/wp-json\/wp\/v2\/product\/42048\/revisions\/43431"}],"wp:featuredmedia":[{"embeddable":true,"href":"https:\/\/agrotechtyres.com\/de\/wp-json\/wp\/v2\/media\/41500"}],"wp:attachment":[{"href":"https:\/\/agrotechtyres.com\/de\/wp-json\/wp\/v2\/media?parent=42048"}],"wp:term":[{"taxonomy":"product_brand","embeddable":true,"href":"https:\/\/agrotechtyres.com\/de\/wp-json\/wp\/v2\/product_brand?post=42048"},{"taxonomy":"product_cat","embeddable":true,"href":"https:\/\/agrotechtyres.com\/de\/wp-json\/wp\/v2\/product_cat?post=42048"},{"taxonomy":"product_tag","embeddable":true,"href":"https:\/\/agrotechtyres.com\/de\/wp-json\/wp\/v2\/product_tag?post=42048"}],"curies":[{"name":"wp","href":"https:\/\/api.w.org\/{rel}","templated":true}]}}