{"id":42046,"date":"2026-04-27T01:44:06","date_gmt":"2026-04-27T01:44:06","guid":{"rendered":"https:\/\/agrotechtyres.com\/product\/20-5r25-177b-193a2-cb760-westlake-tl-cutting-resistance-eu-und-set-air-seal-ring-reifen\/"},"modified":"2026-04-28T22:53:17","modified_gmt":"2026-04-28T22:53:17","slug":"20-5r25-177b-193a2-cb760-westlake-tl-cutting-resistance-eu-und-set-air-seal-ring-reifen","status":"publish","type":"product","link":"https:\/\/agrotechtyres.com\/de\/produkt\/20-5r25-177b-193a2-cb760-westlake-tl-cutting-resistance-eu-und-set-air-seal-ring-reifen\/","title":{"rendered":"20.5R25 (177B\/193A2) CB760 WESTLAKE TL CUTTING RESISTANCE EU&#038;SET Air Seal Ring Reifen"},"content":{"rendered":"<p>Der 20.5R25 (177B\/193A2) CB760 WESTLAKE TL CUTTING RESISTANCE EU&amp;SET Air Seal Ring Reifen ist ein radialer TL Reifen f\u00fcr sonstige Industrie- und Baumaschinen und professionelle Maschinenanwendungen.<\/p>\n<p>Das Modell CB760 CUTTING RESISTANCE Air Seal Ring eignet sich f\u00fcr Eins\u00e4tze, bei denen zuverl\u00e4ssige Traktion, Stabilit\u00e4t und eine passende Tragf\u00e4higkeit wichtig sind. Wichtige technische Angaben: Tragf\u00e4higkeits-\/Geschwindigkeitsindex 177B\/193A2.<\/p>\n<p>AgroTech Solution liefert Landwirtschafts-, Industrie- und Baumaschinenreifen in Europa. Kontaktieren Sie uns, um aktuelle Verf\u00fcgbarkeit, Lieferoptionen und die passende Reifenl\u00f6sung f\u00fcr Ihre Maschine zu best\u00e4tigen.<\/p>\n","protected":false},"excerpt":{"rendered":"<p>Baumaschinenreifen f\u00fcr Lader, Grader und Erdbewegungsmaschinen mit zuverl\u00e4ssiger Leistung im professionellen Einsatz.<\/p>\n","protected":false},"featured_media":38747,"comment_status":"open","ping_status":"closed","template":"","meta":{"inline_featured_image":false},"product_brand":[],"product_cat":[2628],"product_tag":[1956,1954,2771,1955,2772,2750,2748,1670],"class_list":{"0":"post-42046","1":"product","2":"type-product","3":"status-publish","4":"has-post-thumbnail","6":"product_cat-baumaschinenreifen","7":"product_tag-177b-193a2","8":"product_tag-20-5r25","9":"product_tag-bau","10":"product_tag-cb760-cutting-resistance-air-seal-ring","11":"product_tag-cwl-sonstige-industrie-bau","12":"product_tag-radial","13":"product_tag-tl","14":"product_tag-westlake","15":"pa_application-cwl-sonstige-industrie-und-baumaschinen","16":"pa_brand-westlake","17":"pa_construction-radial","18":"pa_load-index-177b-193a2-de-2","19":"pa_model-cb760-cutting-resistance-air-seal-ring-de","20":"pa_tl-tt-tl","21":"pa_tyre-size-20-5r25-de","23":"first","24":"instock","25":"taxable","26":"shipping-taxable","27":"purchasable","28":"product-type-simple"},"_links":{"self":[{"href":"https:\/\/agrotechtyres.com\/de\/wp-json\/wp\/v2\/product\/42046","targetHints":{"allow":["GET"]}}],"collection":[{"href":"https:\/\/agrotechtyres.com\/de\/wp-json\/wp\/v2\/product"}],"about":[{"href":"https:\/\/agrotechtyres.com\/de\/wp-json\/wp\/v2\/types\/product"}],"replies":[{"embeddable":true,"href":"https:\/\/agrotechtyres.com\/de\/wp-json\/wp\/v2\/comments?post=42046"}],"version-history":[{"count":1,"href":"https:\/\/agrotechtyres.com\/de\/wp-json\/wp\/v2\/product\/42046\/revisions"}],"predecessor-version":[{"id":42390,"href":"https:\/\/agrotechtyres.com\/de\/wp-json\/wp\/v2\/product\/42046\/revisions\/42390"}],"wp:featuredmedia":[{"embeddable":true,"href":"https:\/\/agrotechtyres.com\/de\/wp-json\/wp\/v2\/media\/38747"}],"wp:attachment":[{"href":"https:\/\/agrotechtyres.com\/de\/wp-json\/wp\/v2\/media?parent=42046"}],"wp:term":[{"taxonomy":"product_brand","embeddable":true,"href":"https:\/\/agrotechtyres.com\/de\/wp-json\/wp\/v2\/product_brand?post=42046"},{"taxonomy":"product_cat","embeddable":true,"href":"https:\/\/agrotechtyres.com\/de\/wp-json\/wp\/v2\/product_cat?post=42046"},{"taxonomy":"product_tag","embeddable":true,"href":"https:\/\/agrotechtyres.com\/de\/wp-json\/wp\/v2\/product_tag?post=42046"}],"curies":[{"name":"wp","href":"https:\/\/api.w.org\/{rel}","templated":true}]}}