{"id":42028,"date":"2026-04-27T01:43:47","date_gmt":"2026-04-27T01:43:47","guid":{"rendered":"https:\/\/agrotechtyres.com\/product\/18-4-26-16pr-vk500-ultra-grip-reifen\/"},"modified":"2026-04-28T22:53:10","modified_gmt":"2026-04-28T22:53:10","slug":"18-4-26-16pr-vk500-ultra-grip-reifen","status":"publish","type":"product","link":"https:\/\/agrotechtyres.com\/de\/produkt\/18-4-26-16pr-vk500-ultra-grip-reifen\/","title":{"rendered":"18.4-26 16PR VK500 ULTRA GRIP Reifen"},"content":{"rendered":"<p>Der 18.4-26 16PR VK500 ULTRA GRIP Reifen ist ein diagonaler TL Reifen f\u00fcr sonstige Industrie- und Baumaschinen und professionelle Maschinenanwendungen.<\/p>\n<p>Das Modell VK500 ULTRA GRIP eignet sich f\u00fcr Eins\u00e4tze, bei denen zuverl\u00e4ssige Traktion, Stabilit\u00e4t und eine passende Tragf\u00e4higkeit wichtig sind. Wichtige technische Angaben: 16PR.<\/p>\n<p>AgroTech Solution liefert Landwirtschafts-, Industrie- und Baumaschinenreifen in Europa. Kontaktieren Sie uns, um aktuelle Verf\u00fcgbarkeit, Lieferoptionen und die passende Reifenl\u00f6sung f\u00fcr Ihre Maschine zu best\u00e4tigen.<\/p>\n","protected":false},"excerpt":{"rendered":"<p>Baumaschinenreifen f\u00fcr Lader, Grader und Erdbewegungsmaschinen mit zuverl\u00e4ssiger Leistung im professionellen Einsatz.<\/p>\n","protected":false},"featured_media":38140,"comment_status":"open","ping_status":"closed","template":"","meta":{"inline_featured_image":false},"product_brand":[],"product_cat":[2628],"product_tag":[1688,1917,2771,2772,2773,2748,1659,1845],"class_list":{"0":"post-42028","1":"product","2":"type-product","3":"status-publish","4":"has-post-thumbnail","6":"product_cat-baumaschinenreifen","7":"product_tag-16pr","8":"product_tag-18-4-26","9":"product_tag-bau","10":"product_tag-cwl-sonstige-industrie-bau","11":"product_tag-diagonal-2","12":"product_tag-tl","13":"product_tag-vk","14":"product_tag-vk500-ultra-grip","15":"pa_application-cwl-sonstige-industrie-und-baumaschinen","16":"pa_brand-vk","17":"pa_construction-diagonal","18":"pa_model-vk500-ultra-grip-de","19":"pa_pr-16-de","20":"pa_rim-diameter-26-de-2","21":"pa_tl-tt-tl","22":"pa_tyre-size-18-4-26-de","23":"pa_width-18-4-de-2","25":"first","26":"instock","27":"taxable","28":"shipping-taxable","29":"purchasable","30":"product-type-simple"},"_links":{"self":[{"href":"https:\/\/agrotechtyres.com\/de\/wp-json\/wp\/v2\/product\/42028","targetHints":{"allow":["GET"]}}],"collection":[{"href":"https:\/\/agrotechtyres.com\/de\/wp-json\/wp\/v2\/product"}],"about":[{"href":"https:\/\/agrotechtyres.com\/de\/wp-json\/wp\/v2\/types\/product"}],"replies":[{"embeddable":true,"href":"https:\/\/agrotechtyres.com\/de\/wp-json\/wp\/v2\/comments?post=42028"}],"version-history":[{"count":1,"href":"https:\/\/agrotechtyres.com\/de\/wp-json\/wp\/v2\/product\/42028\/revisions"}],"predecessor-version":[{"id":42372,"href":"https:\/\/agrotechtyres.com\/de\/wp-json\/wp\/v2\/product\/42028\/revisions\/42372"}],"wp:featuredmedia":[{"embeddable":true,"href":"https:\/\/agrotechtyres.com\/de\/wp-json\/wp\/v2\/media\/38140"}],"wp:attachment":[{"href":"https:\/\/agrotechtyres.com\/de\/wp-json\/wp\/v2\/media?parent=42028"}],"wp:term":[{"taxonomy":"product_brand","embeddable":true,"href":"https:\/\/agrotechtyres.com\/de\/wp-json\/wp\/v2\/product_brand?post=42028"},{"taxonomy":"product_cat","embeddable":true,"href":"https:\/\/agrotechtyres.com\/de\/wp-json\/wp\/v2\/product_cat?post=42028"},{"taxonomy":"product_tag","embeddable":true,"href":"https:\/\/agrotechtyres.com\/de\/wp-json\/wp\/v2\/product_tag?post=42028"}],"curies":[{"name":"wp","href":"https:\/\/api.w.org\/{rel}","templated":true}]}}