{"id":42022,"date":"2026-04-27T01:43:44","date_gmt":"2026-04-27T01:43:44","guid":{"rendered":"https:\/\/agrotechtyres.com\/product\/18-00-25-ceat-port-pro-rx-ind-4-40pr-tl-reifen\/"},"modified":"2026-04-28T22:52:59","modified_gmt":"2026-04-28T22:52:59","slug":"18-00-25-ceat-port-pro-rx-ind-4-40pr-tl-reifen","status":"publish","type":"product","link":"https:\/\/agrotechtyres.com\/de\/produkt\/18-00-25-ceat-port-pro-rx-ind-4-40pr-tl-reifen\/","title":{"rendered":"18.00-25 CEAT PORT PRO RX IND-4 40PR TL Reifen"},"content":{"rendered":"<p>Der 18.00-25 CEAT PORT PRO RX IND-4 40PR TL Reifen ist ein diagonaler TL Reifen f\u00fcr Hafen und Umschlag und professionelle Maschinenanwendungen.<\/p>\n<p>Das Modell PORT PRO RX IND-4 eignet sich f\u00fcr Eins\u00e4tze, bei denen zuverl\u00e4ssige Traktion, Stabilit\u00e4t und eine passende Tragf\u00e4higkeit wichtig sind. Wichtige technische Angaben: 40PR.<\/p>\n<p>AgroTech Solution liefert Landwirtschafts-, Industrie- und Baumaschinenreifen in Europa. Kontaktieren Sie uns, um aktuelle Verf\u00fcgbarkeit, Lieferoptionen und die passende Reifenl\u00f6sung f\u00fcr Ihre Maschine zu best\u00e4tigen.<\/p>\n","protected":false},"excerpt":{"rendered":"<p>Reifen f\u00fcr Hafen- und Umschlaganwendungen, ausgelegt f\u00fcr zuverl\u00e4ssige Leistung im Materialhandling.<\/p>\n","protected":false},"featured_media":39105,"comment_status":"open","ping_status":"closed","template":"","meta":{"inline_featured_image":false},"product_brand":[],"product_cat":[2632],"product_tag":[1908,1910,2749,2773,1909,1792,2748],"class_list":{"0":"post-42022","1":"product","2":"type-product","3":"status-publish","4":"has-post-thumbnail","6":"product_cat-hafen-und-umschlagreifen","7":"product_tag-18-00-25","8":"product_tag-40pr","9":"product_tag-ceat","10":"product_tag-diagonal-2","11":"product_tag-port-pro-rx-ind-4","12":"product_tag-ports-handling","13":"product_tag-tl","14":"pa_application-hafen-und-umschlag","15":"pa_brand-ceat","16":"pa_construction-diagonal","17":"pa_model-port-pro-rx-ind-4-de","18":"pa_pr-40-de-2","19":"pa_rim-diameter-25-de-2","20":"pa_tl-tt-tl","21":"pa_tyre-size-18-00-25-de","22":"pa_width-18-de-2","24":"first","25":"instock","26":"taxable","27":"shipping-taxable","28":"purchasable","29":"product-type-simple"},"_links":{"self":[{"href":"https:\/\/agrotechtyres.com\/de\/wp-json\/wp\/v2\/product\/42022","targetHints":{"allow":["GET"]}}],"collection":[{"href":"https:\/\/agrotechtyres.com\/de\/wp-json\/wp\/v2\/product"}],"about":[{"href":"https:\/\/agrotechtyres.com\/de\/wp-json\/wp\/v2\/types\/product"}],"replies":[{"embeddable":true,"href":"https:\/\/agrotechtyres.com\/de\/wp-json\/wp\/v2\/comments?post=42022"}],"version-history":[{"count":1,"href":"https:\/\/agrotechtyres.com\/de\/wp-json\/wp\/v2\/product\/42022\/revisions"}],"predecessor-version":[{"id":42365,"href":"https:\/\/agrotechtyres.com\/de\/wp-json\/wp\/v2\/product\/42022\/revisions\/42365"}],"wp:featuredmedia":[{"embeddable":true,"href":"https:\/\/agrotechtyres.com\/de\/wp-json\/wp\/v2\/media\/39105"}],"wp:attachment":[{"href":"https:\/\/agrotechtyres.com\/de\/wp-json\/wp\/v2\/media?parent=42022"}],"wp:term":[{"taxonomy":"product_brand","embeddable":true,"href":"https:\/\/agrotechtyres.com\/de\/wp-json\/wp\/v2\/product_brand?post=42022"},{"taxonomy":"product_cat","embeddable":true,"href":"https:\/\/agrotechtyres.com\/de\/wp-json\/wp\/v2\/product_cat?post=42022"},{"taxonomy":"product_tag","embeddable":true,"href":"https:\/\/agrotechtyres.com\/de\/wp-json\/wp\/v2\/product_tag?post=42022"}],"curies":[{"name":"wp","href":"https:\/\/api.w.org\/{rel}","templated":true}]}}