{"id":42010,"date":"2026-04-27T01:43:31","date_gmt":"2026-04-27T01:43:31","guid":{"rendered":"https:\/\/agrotechtyres.com\/product\/16x6-50-8-6pr-vk-tru-green-crop-master-reifen\/"},"modified":"2026-04-28T22:52:54","modified_gmt":"2026-04-28T22:52:54","slug":"16x6-50-8-6pr-vk-tru-green-crop-master-reifen","status":"publish","type":"product","link":"https:\/\/agrotechtyres.com\/de\/produkt\/16x6-50-8-6pr-vk-tru-green-crop-master-reifen\/","title":{"rendered":"16X6.50-8 6PR VK TRU GREEN CROP MASTER Reifen"},"content":{"rendered":"<p>Der 16X6.50-8 6PR VK TRU GREEN CROP MASTER Reifen ist ein diagonaler TL Reifen f\u00fcr sonstige Industrie- und Baumaschinen und professionelle Maschinenanwendungen.<\/p>\n<p>Das Modell VK TRU GREEN CROP MASTER eignet sich f\u00fcr Eins\u00e4tze, bei denen zuverl\u00e4ssige Traktion, Stabilit\u00e4t und eine passende Tragf\u00e4higkeit wichtig sind. Wichtige technische Angaben: 6PR, Tragf\u00e4higkeits-\/Geschwindigkeitsindex 16X6.<\/p>\n<p>AgroTech Solution liefert Landwirtschafts-, Industrie- und Baumaschinenreifen in Europa. Kontaktieren Sie uns, um aktuelle Verf\u00fcgbarkeit, Lieferoptionen und die passende Reifenl\u00f6sung f\u00fcr Ihre Maschine zu best\u00e4tigen.<\/p>\n","protected":false},"excerpt":{"rendered":"<p>Reifen f\u00fcr Rasen-, Garten- und Turf-Anwendungen mit stabiler Leistung und bodenschonendem Einsatz.<\/p>\n","protected":false},"featured_media":38882,"comment_status":"open","ping_status":"closed","template":"","meta":{"inline_featured_image":false},"product_brand":[],"product_cat":[2630],"product_tag":[1863,1859,1862,2772,2773,1861,2748,1860],"class_list":{"0":"post-42010","1":"product","2":"type-product","3":"status-publish","4":"has-post-thumbnail","6":"product_cat-rasen-und-gartenreifen","7":"product_tag-16x6","8":"product_tag-16x6-50-8","9":"product_tag-6pr","10":"product_tag-cwl-sonstige-industrie-bau","11":"product_tag-diagonal-2","12":"product_tag-lawn-garden-turf","13":"product_tag-tl","14":"product_tag-vk-tru-green-crop-master","15":"pa_application-cwl-sonstige-industrie-und-baumaschinen","16":"pa_construction-diagonal","17":"pa_load-index-16x6-de-2","18":"pa_model-vk-tru-green-crop-master-de","19":"pa_pr-6-de-2","20":"pa_rim-diameter-1888","21":"pa_tl-tt-tl","22":"pa_tyre-size-16x6-50-8-de","23":"pa_width-6-5-de-2","25":"first","26":"instock","27":"taxable","28":"shipping-taxable","29":"purchasable","30":"product-type-simple"},"_links":{"self":[{"href":"https:\/\/agrotechtyres.com\/de\/wp-json\/wp\/v2\/product\/42010","targetHints":{"allow":["GET"]}}],"collection":[{"href":"https:\/\/agrotechtyres.com\/de\/wp-json\/wp\/v2\/product"}],"about":[{"href":"https:\/\/agrotechtyres.com\/de\/wp-json\/wp\/v2\/types\/product"}],"replies":[{"embeddable":true,"href":"https:\/\/agrotechtyres.com\/de\/wp-json\/wp\/v2\/comments?post=42010"}],"version-history":[{"count":1,"href":"https:\/\/agrotechtyres.com\/de\/wp-json\/wp\/v2\/product\/42010\/revisions"}],"predecessor-version":[{"id":42351,"href":"https:\/\/agrotechtyres.com\/de\/wp-json\/wp\/v2\/product\/42010\/revisions\/42351"}],"wp:featuredmedia":[{"embeddable":true,"href":"https:\/\/agrotechtyres.com\/de\/wp-json\/wp\/v2\/media\/38882"}],"wp:attachment":[{"href":"https:\/\/agrotechtyres.com\/de\/wp-json\/wp\/v2\/media?parent=42010"}],"wp:term":[{"taxonomy":"product_brand","embeddable":true,"href":"https:\/\/agrotechtyres.com\/de\/wp-json\/wp\/v2\/product_brand?post=42010"},{"taxonomy":"product_cat","embeddable":true,"href":"https:\/\/agrotechtyres.com\/de\/wp-json\/wp\/v2\/product_cat?post=42010"},{"taxonomy":"product_tag","embeddable":true,"href":"https:\/\/agrotechtyres.com\/de\/wp-json\/wp\/v2\/product_tag?post=42010"}],"curies":[{"name":"wp","href":"https:\/\/api.w.org\/{rel}","templated":true}]}}