{"id":42006,"date":"2026-04-27T01:43:30","date_gmt":"2026-04-27T01:43:30","guid":{"rendered":"https:\/\/agrotechtyres.com\/product\/16-9-38-ceat-farmax-tt-8pr-reifen\/"},"modified":"2026-04-28T22:52:52","modified_gmt":"2026-04-28T22:52:52","slug":"16-9-38-ceat-farmax-tt-8pr-reifen","status":"publish","type":"product","link":"https:\/\/agrotechtyres.com\/de\/produkt\/16-9-38-ceat-farmax-tt-8pr-reifen\/","title":{"rendered":"16.9-38 CEAT FARMAX TT 8PR Reifen"},"content":{"rendered":"<p>Der 16.9-38 CEAT FARMAX TT 8PR Reifen ist ein diagonaler TT Reifen f\u00fcr Traktor und professionelle Maschinenanwendungen.<\/p>\n<p>Das Modell FARMAX eignet sich f\u00fcr Eins\u00e4tze, bei denen zuverl\u00e4ssige Traktion, Stabilit\u00e4t und eine passende Tragf\u00e4higkeit wichtig sind. Wichtige technische Angaben: 8PR.<\/p>\n<p>AgroTech Solution liefert Landwirtschafts-, Industrie- und Baumaschinenreifen in Europa. Kontaktieren Sie uns, um aktuelle Verf\u00fcgbarkeit, Lieferoptionen und die passende Reifenl\u00f6sung f\u00fcr Ihre Maschine zu best\u00e4tigen.<\/p>\n","protected":false},"excerpt":{"rendered":"<p>Landwirtschaftsreifen f\u00fcr zuverl\u00e4ssige Traktion, Stabilit\u00e4t und Leistung unter anspruchsvollen Einsatzbedingungen.<\/p>\n","protected":false},"featured_media":38428,"comment_status":"open","ping_status":"closed","template":"","meta":{"inline_featured_image":false},"product_brand":[],"product_cat":[1623],"product_tag":[1850,1704,2751,2749,2773,1701,2752,1687],"class_list":{"0":"post-42006","1":"product","2":"type-product","3":"status-publish","4":"has-post-thumbnail","6":"product_cat-landwirtschaftsreifen","7":"product_tag-16-9-38","8":"product_tag-8pr","9":"product_tag-agriculture","10":"product_tag-ceat","11":"product_tag-diagonal-2","12":"product_tag-farmax","13":"product_tag-tractor","14":"product_tag-tt","15":"pa_application-traktor","16":"pa_brand-ceat","17":"pa_construction-diagonal","18":"pa_model-farmax-de","19":"pa_pr-8-de-2","20":"pa_rim-diameter-2743","21":"pa_tl-tt-tt-de-2","22":"pa_tyre-size-16-9-38-de","23":"pa_width-16-9-de-2","25":"first","26":"outofstock","27":"taxable","28":"shipping-taxable","29":"purchasable","30":"product-type-simple"},"_links":{"self":[{"href":"https:\/\/agrotechtyres.com\/de\/wp-json\/wp\/v2\/product\/42006","targetHints":{"allow":["GET"]}}],"collection":[{"href":"https:\/\/agrotechtyres.com\/de\/wp-json\/wp\/v2\/product"}],"about":[{"href":"https:\/\/agrotechtyres.com\/de\/wp-json\/wp\/v2\/types\/product"}],"replies":[{"embeddable":true,"href":"https:\/\/agrotechtyres.com\/de\/wp-json\/wp\/v2\/comments?post=42006"}],"version-history":[{"count":1,"href":"https:\/\/agrotechtyres.com\/de\/wp-json\/wp\/v2\/product\/42006\/revisions"}],"predecessor-version":[{"id":42347,"href":"https:\/\/agrotechtyres.com\/de\/wp-json\/wp\/v2\/product\/42006\/revisions\/42347"}],"wp:featuredmedia":[{"embeddable":true,"href":"https:\/\/agrotechtyres.com\/de\/wp-json\/wp\/v2\/media\/38428"}],"wp:attachment":[{"href":"https:\/\/agrotechtyres.com\/de\/wp-json\/wp\/v2\/media?parent=42006"}],"wp:term":[{"taxonomy":"product_brand","embeddable":true,"href":"https:\/\/agrotechtyres.com\/de\/wp-json\/wp\/v2\/product_brand?post=42006"},{"taxonomy":"product_cat","embeddable":true,"href":"https:\/\/agrotechtyres.com\/de\/wp-json\/wp\/v2\/product_cat?post=42006"},{"taxonomy":"product_tag","embeddable":true,"href":"https:\/\/agrotechtyres.com\/de\/wp-json\/wp\/v2\/product_tag?post=42006"}],"curies":[{"name":"wp","href":"https:\/\/api.w.org\/{rel}","templated":true}]}}