{"id":41981,"date":"2026-04-27T01:43:30","date_gmt":"2026-04-27T01:43:30","guid":{"rendered":"https:\/\/agrotechtyres.com\/product\/16-9-30-ceat-12pr-farmax-r1-tt-reifen\/"},"modified":"2026-04-28T22:52:51","modified_gmt":"2026-04-28T22:52:51","slug":"16-9-30-ceat-12pr-farmax-r1-tt-reifen","status":"publish","type":"product","link":"https:\/\/agrotechtyres.com\/de\/produkt\/16-9-30-ceat-12pr-farmax-r1-tt-reifen\/","title":{"rendered":"16.9-30 CEAT 12PR FARMAX R1 TT Reifen"},"content":{"rendered":"<p>Der 16.9-30 CEAT 12PR FARMAX R1 TT Reifen ist ein diagonaler TT Reifen f\u00fcr Traktor und professionelle Maschinenanwendungen.<\/p>\n<p>Das Modell FARMAX R1 eignet sich f\u00fcr Eins\u00e4tze, bei denen zuverl\u00e4ssige Traktion, Stabilit\u00e4t und eine passende Tragf\u00e4higkeit wichtig sind. Wichtige technische Angaben: 12PR, Profiltyp R1.<\/p>\n<p>AgroTech Solution liefert Landwirtschafts-, Industrie- und Baumaschinenreifen in Europa. Kontaktieren Sie uns, um aktuelle Verf\u00fcgbarkeit, Lieferoptionen und die passende Reifenl\u00f6sung f\u00fcr Ihre Maschine zu best\u00e4tigen.<\/p>\n","protected":false},"excerpt":{"rendered":"<p>Landwirtschaftsreifen f\u00fcr zuverl\u00e4ssige Traktion, Stabilit\u00e4t und Leistung unter anspruchsvollen Einsatzbedingungen.<\/p>\n","protected":false},"featured_media":38308,"comment_status":"open","ping_status":"closed","template":"","meta":{"inline_featured_image":false},"product_brand":[],"product_cat":[1623],"product_tag":[1668,1847,2751,2749,2773,1799,2752,1687],"class_list":{"0":"post-41981","1":"product","2":"type-product","3":"status-publish","4":"has-post-thumbnail","6":"product_cat-landwirtschaftsreifen","7":"product_tag-12pr","8":"product_tag-16-9-30","9":"product_tag-agriculture","10":"product_tag-ceat","11":"product_tag-diagonal-2","12":"product_tag-farmax-r1","13":"product_tag-tractor","14":"product_tag-tt","15":"pa_application-traktor","16":"pa_brand-ceat","17":"pa_construction-diagonal","18":"pa_model-farmax-r1-de","19":"pa_pr-12-de-2","20":"pa_rim-diameter-30-de-2","21":"pa_tl-tt-tt-de-2","22":"pa_tread-type-r1-de-2","23":"pa_tyre-size-16-9-30-de","24":"pa_width-16-9-de-2","26":"first","27":"instock","28":"taxable","29":"shipping-taxable","30":"purchasable","31":"product-type-simple"},"_links":{"self":[{"href":"https:\/\/agrotechtyres.com\/de\/wp-json\/wp\/v2\/product\/41981","targetHints":{"allow":["GET"]}}],"collection":[{"href":"https:\/\/agrotechtyres.com\/de\/wp-json\/wp\/v2\/product"}],"about":[{"href":"https:\/\/agrotechtyres.com\/de\/wp-json\/wp\/v2\/types\/product"}],"replies":[{"embeddable":true,"href":"https:\/\/agrotechtyres.com\/de\/wp-json\/wp\/v2\/comments?post=41981"}],"version-history":[{"count":1,"href":"https:\/\/agrotechtyres.com\/de\/wp-json\/wp\/v2\/product\/41981\/revisions"}],"predecessor-version":[{"id":42003,"href":"https:\/\/agrotechtyres.com\/de\/wp-json\/wp\/v2\/product\/41981\/revisions\/42003"}],"wp:featuredmedia":[{"embeddable":true,"href":"https:\/\/agrotechtyres.com\/de\/wp-json\/wp\/v2\/media\/38308"}],"wp:attachment":[{"href":"https:\/\/agrotechtyres.com\/de\/wp-json\/wp\/v2\/media?parent=41981"}],"wp:term":[{"taxonomy":"product_brand","embeddable":true,"href":"https:\/\/agrotechtyres.com\/de\/wp-json\/wp\/v2\/product_brand?post=41981"},{"taxonomy":"product_cat","embeddable":true,"href":"https:\/\/agrotechtyres.com\/de\/wp-json\/wp\/v2\/product_cat?post=41981"},{"taxonomy":"product_tag","embeddable":true,"href":"https:\/\/agrotechtyres.com\/de\/wp-json\/wp\/v2\/product_tag?post=41981"}],"curies":[{"name":"wp","href":"https:\/\/api.w.org\/{rel}","templated":true}]}}