{"id":41980,"date":"2026-04-27T01:43:30","date_gmt":"2026-04-27T01:43:30","guid":{"rendered":"https:\/\/agrotechtyres.com\/product\/16-9-30-14pr-vk111-agriking-reifen\/"},"modified":"2026-04-28T22:52:51","modified_gmt":"2026-04-28T22:52:51","slug":"16-9-30-14pr-vk111-agriking-reifen","status":"publish","type":"product","link":"https:\/\/agrotechtyres.com\/de\/produkt\/16-9-30-14pr-vk111-agriking-reifen\/","title":{"rendered":"16.9-30 14PR VK111 AGRIKING Reifen"},"content":{"rendered":"<p>Der 16.9-30 14PR VK111 AGRIKING Reifen ist ein diagonaler TT Reifen f\u00fcr Traktor und professionelle Maschinenanwendungen.<\/p>\n<p>Das Modell VK111 AGRIKING eignet sich f\u00fcr Eins\u00e4tze, bei denen zuverl\u00e4ssige Traktion, Stabilit\u00e4t und eine passende Tragf\u00e4higkeit wichtig sind. Wichtige technische Angaben: 14PR, Tragf\u00e4higkeits-\/Geschwindigkeitsindex 146A6\/142A8.<\/p>\n<p>AgroTech Solution liefert Landwirtschafts-, Industrie- und Baumaschinenreifen in Europa. Kontaktieren Sie uns, um aktuelle Verf\u00fcgbarkeit, Lieferoptionen und die passende Reifenl\u00f6sung f\u00fcr Ihre Maschine zu best\u00e4tigen.<\/p>\n","protected":false},"excerpt":{"rendered":"<p>Landwirtschaftsreifen f\u00fcr zuverl\u00e4ssige Traktion, Stabilit\u00e4t und Leistung unter anspruchsvollen Einsatzbedingungen.<\/p>\n","protected":false},"featured_media":38613,"comment_status":"open","ping_status":"closed","template":"","meta":{"inline_featured_image":false},"product_brand":[],"product_cat":[1623],"product_tag":[1848,1677,1847,2751,2773,2752,1687,1659,1706],"class_list":{"0":"post-41980","1":"product","2":"type-product","3":"status-publish","4":"has-post-thumbnail","6":"product_cat-landwirtschaftsreifen","7":"product_tag-146a6-142a8","8":"product_tag-14pr","9":"product_tag-16-9-30","10":"product_tag-agriculture","11":"product_tag-diagonal-2","12":"product_tag-tractor","13":"product_tag-tt","14":"product_tag-vk","15":"product_tag-vk111-agriking","16":"pa_application-traktor","17":"pa_brand-vk","18":"pa_construction-diagonal","19":"pa_load-index-146a6-142a8-de-2","20":"pa_model-vk111-agriking-de","21":"pa_pr-14-de-2","22":"pa_rim-diameter-30-de-2","23":"pa_tl-tt-tt-de-2","24":"pa_tyre-size-16-9-30-de","25":"pa_width-16-9-de-2","27":"first","28":"instock","29":"taxable","30":"shipping-taxable","31":"purchasable","32":"product-type-simple"},"_links":{"self":[{"href":"https:\/\/agrotechtyres.com\/de\/wp-json\/wp\/v2\/product\/41980","targetHints":{"allow":["GET"]}}],"collection":[{"href":"https:\/\/agrotechtyres.com\/de\/wp-json\/wp\/v2\/product"}],"about":[{"href":"https:\/\/agrotechtyres.com\/de\/wp-json\/wp\/v2\/types\/product"}],"replies":[{"embeddable":true,"href":"https:\/\/agrotechtyres.com\/de\/wp-json\/wp\/v2\/comments?post=41980"}],"version-history":[{"count":1,"href":"https:\/\/agrotechtyres.com\/de\/wp-json\/wp\/v2\/product\/41980\/revisions"}],"predecessor-version":[{"id":42002,"href":"https:\/\/agrotechtyres.com\/de\/wp-json\/wp\/v2\/product\/41980\/revisions\/42002"}],"wp:featuredmedia":[{"embeddable":true,"href":"https:\/\/agrotechtyres.com\/de\/wp-json\/wp\/v2\/media\/38613"}],"wp:attachment":[{"href":"https:\/\/agrotechtyres.com\/de\/wp-json\/wp\/v2\/media?parent=41980"}],"wp:term":[{"taxonomy":"product_brand","embeddable":true,"href":"https:\/\/agrotechtyres.com\/de\/wp-json\/wp\/v2\/product_brand?post=41980"},{"taxonomy":"product_cat","embeddable":true,"href":"https:\/\/agrotechtyres.com\/de\/wp-json\/wp\/v2\/product_cat?post=41980"},{"taxonomy":"product_tag","embeddable":true,"href":"https:\/\/agrotechtyres.com\/de\/wp-json\/wp\/v2\/product_tag?post=41980"}],"curies":[{"name":"wp","href":"https:\/\/api.w.org\/{rel}","templated":true}]}}