{"id":41973,"date":"2026-04-27T01:43:28","date_gmt":"2026-04-27T01:43:28","guid":{"rendered":"https:\/\/agrotechtyres.com\/product\/16-00-25-36pr-cl629-westlake-port-tl-und-set-air-seal-ring-reifen\/"},"modified":"2026-04-28T22:52:48","modified_gmt":"2026-04-28T22:52:48","slug":"16-00-25-36pr-cl629-westlake-port-tl-und-set-air-seal-ring-reifen","status":"publish","type":"product","link":"https:\/\/agrotechtyres.com\/de\/produkt\/16-00-25-36pr-cl629-westlake-port-tl-und-set-air-seal-ring-reifen\/","title":{"rendered":"16.00-25-36PR CL629 WESTLAKE PORT TL&#038;SET Air Seal Ring Reifen"},"content":{"rendered":"<p>Der 16.00-25-36PR CL629 WESTLAKE PORT TL&amp;SET Air Seal Ring Reifen ist ein diagonaler TL Reifen f\u00fcr Hafen und Umschlag und professionelle Maschinenanwendungen.<\/p>\n<p>Das Modell CL629 PORT &amp; Air Seal Ring eignet sich f\u00fcr Eins\u00e4tze, bei denen zuverl\u00e4ssige Traktion, Stabilit\u00e4t und eine passende Tragf\u00e4higkeit wichtig sind. Wichtige technische Angaben: 36PR.<\/p>\n<p>AgroTech Solution liefert Landwirtschafts-, Industrie- und Baumaschinenreifen in Europa. Kontaktieren Sie uns, um aktuelle Verf\u00fcgbarkeit, Lieferoptionen und die passende Reifenl\u00f6sung f\u00fcr Ihre Maschine zu best\u00e4tigen.<\/p>\n","protected":false},"excerpt":{"rendered":"<p>Reifen f\u00fcr Hafen- und Umschlaganwendungen, ausgelegt f\u00fcr zuverl\u00e4ssige Leistung im Materialhandling.<\/p>\n","protected":false},"featured_media":38645,"comment_status":"open","ping_status":"closed","template":"","meta":{"inline_featured_image":false},"product_brand":[],"product_cat":[2632],"product_tag":[1834,1836,1791,2773,1792,2748,1670],"class_list":{"0":"post-41973","1":"product","2":"type-product","3":"status-publish","4":"has-post-thumbnail","6":"product_cat-hafen-und-umschlagreifen","7":"product_tag-16-00-25","8":"product_tag-36pr","9":"product_tag-cl629-port-air-seal-ring","10":"product_tag-diagonal-2","11":"product_tag-ports-handling","12":"product_tag-tl","13":"product_tag-westlake","14":"pa_application-hafen-und-umschlag","15":"pa_brand-westlake","16":"pa_construction-diagonal","17":"pa_model-cl629-port-air-seal-ring-de","18":"pa_pr-36-de-2","19":"pa_rim-diameter-25-de-2","20":"pa_tl-tt-tl","21":"pa_tyre-size-16-00-25-de","22":"pa_width-16-de-2","24":"first","25":"instock","26":"taxable","27":"shipping-taxable","28":"purchasable","29":"product-type-simple"},"_links":{"self":[{"href":"https:\/\/agrotechtyres.com\/de\/wp-json\/wp\/v2\/product\/41973","targetHints":{"allow":["GET"]}}],"collection":[{"href":"https:\/\/agrotechtyres.com\/de\/wp-json\/wp\/v2\/product"}],"about":[{"href":"https:\/\/agrotechtyres.com\/de\/wp-json\/wp\/v2\/types\/product"}],"replies":[{"embeddable":true,"href":"https:\/\/agrotechtyres.com\/de\/wp-json\/wp\/v2\/comments?post=41973"}],"version-history":[{"count":1,"href":"https:\/\/agrotechtyres.com\/de\/wp-json\/wp\/v2\/product\/41973\/revisions"}],"predecessor-version":[{"id":41994,"href":"https:\/\/agrotechtyres.com\/de\/wp-json\/wp\/v2\/product\/41973\/revisions\/41994"}],"wp:featuredmedia":[{"embeddable":true,"href":"https:\/\/agrotechtyres.com\/de\/wp-json\/wp\/v2\/media\/38645"}],"wp:attachment":[{"href":"https:\/\/agrotechtyres.com\/de\/wp-json\/wp\/v2\/media?parent=41973"}],"wp:term":[{"taxonomy":"product_brand","embeddable":true,"href":"https:\/\/agrotechtyres.com\/de\/wp-json\/wp\/v2\/product_brand?post=41973"},{"taxonomy":"product_cat","embeddable":true,"href":"https:\/\/agrotechtyres.com\/de\/wp-json\/wp\/v2\/product_cat?post=41973"},{"taxonomy":"product_tag","embeddable":true,"href":"https:\/\/agrotechtyres.com\/de\/wp-json\/wp\/v2\/product_tag?post=41973"}],"curies":[{"name":"wp","href":"https:\/\/api.w.org\/{rel}","templated":true}]}}