{"id":41972,"date":"2026-04-27T01:43:27","date_gmt":"2026-04-27T01:43:27","guid":{"rendered":"https:\/\/agrotechtyres.com\/product\/16-00-25-32pr-e3-l3-westlake-tl-und-set-air-seal-ring-reifen\/"},"modified":"2026-04-28T22:52:48","modified_gmt":"2026-04-28T22:52:48","slug":"16-00-25-32pr-e3-l3-westlake-tl-und-set-air-seal-ring-reifen","status":"publish","type":"product","link":"https:\/\/agrotechtyres.com\/de\/produkt\/16-00-25-32pr-e3-l3-westlake-tl-und-set-air-seal-ring-reifen\/","title":{"rendered":"16.00-25-32PR E3\/L3 WESTLAKE TL&#038;SET AIR SEAL RING Reifen"},"content":{"rendered":"<p>Der 16.00-25-32PR E3\/L3 WESTLAKE TL&amp;SET AIR SEAL RING Reifen ist ein diagonaler TL Reifen f\u00fcr Lader und professionelle Maschinenanwendungen.<\/p>\n<p>Das Modell E3\/L3 &amp; AIR SEAL RING eignet sich f\u00fcr Eins\u00e4tze, bei denen zuverl\u00e4ssige Traktion, Stabilit\u00e4t und eine passende Tragf\u00e4higkeit wichtig sind. Wichtige technische Angaben: 32PR, Profiltyp E3\/L3.<\/p>\n<p>AgroTech Solution liefert Landwirtschafts-, Industrie- und Baumaschinenreifen in Europa. Kontaktieren Sie uns, um aktuelle Verf\u00fcgbarkeit, Lieferoptionen und die passende Reifenl\u00f6sung f\u00fcr Ihre Maschine zu best\u00e4tigen.<\/p>\n","protected":false},"excerpt":{"rendered":"<p>Baumaschinenreifen f\u00fcr Lader, Grader und Erdbewegungsmaschinen mit zuverl\u00e4ssiger Leistung im professionellen Einsatz.<\/p>\n","protected":false},"featured_media":38513,"comment_status":"open","ping_status":"closed","template":"","meta":{"inline_featured_image":false},"product_brand":[],"product_cat":[2628],"product_tag":[1834,1793,2771,2773,1835,1672,2748,1670],"class_list":{"0":"post-41972","1":"product","2":"type-product","3":"status-publish","4":"has-post-thumbnail","6":"product_cat-baumaschinenreifen","7":"product_tag-16-00-25","8":"product_tag-32pr","9":"product_tag-bau","10":"product_tag-diagonal-2","11":"product_tag-e3-l3-air-seal-ring","12":"product_tag-loader","13":"product_tag-tl","14":"product_tag-westlake","15":"pa_application-lader","16":"pa_brand-westlake","17":"pa_construction-diagonal","18":"pa_model-e3-l3-air-seal-ring-de","19":"pa_pr-32-de-2","20":"pa_rim-diameter-25-de-2","21":"pa_tl-tt-tl","22":"pa_tread-type-e3-l3-de","23":"pa_tyre-size-16-00-25-de","24":"pa_width-16-de-2","26":"first","27":"outofstock","28":"taxable","29":"shipping-taxable","30":"purchasable","31":"product-type-simple"},"_links":{"self":[{"href":"https:\/\/agrotechtyres.com\/de\/wp-json\/wp\/v2\/product\/41972","targetHints":{"allow":["GET"]}}],"collection":[{"href":"https:\/\/agrotechtyres.com\/de\/wp-json\/wp\/v2\/product"}],"about":[{"href":"https:\/\/agrotechtyres.com\/de\/wp-json\/wp\/v2\/types\/product"}],"replies":[{"embeddable":true,"href":"https:\/\/agrotechtyres.com\/de\/wp-json\/wp\/v2\/comments?post=41972"}],"version-history":[{"count":1,"href":"https:\/\/agrotechtyres.com\/de\/wp-json\/wp\/v2\/product\/41972\/revisions"}],"predecessor-version":[{"id":41993,"href":"https:\/\/agrotechtyres.com\/de\/wp-json\/wp\/v2\/product\/41972\/revisions\/41993"}],"wp:featuredmedia":[{"embeddable":true,"href":"https:\/\/agrotechtyres.com\/de\/wp-json\/wp\/v2\/media\/38513"}],"wp:attachment":[{"href":"https:\/\/agrotechtyres.com\/de\/wp-json\/wp\/v2\/media?parent=41972"}],"wp:term":[{"taxonomy":"product_brand","embeddable":true,"href":"https:\/\/agrotechtyres.com\/de\/wp-json\/wp\/v2\/product_brand?post=41972"},{"taxonomy":"product_cat","embeddable":true,"href":"https:\/\/agrotechtyres.com\/de\/wp-json\/wp\/v2\/product_cat?post=41972"},{"taxonomy":"product_tag","embeddable":true,"href":"https:\/\/agrotechtyres.com\/de\/wp-json\/wp\/v2\/product_tag?post=41972"}],"curies":[{"name":"wp","href":"https:\/\/api.w.org\/{rel}","templated":true}]}}