{"id":41953,"date":"2026-04-27T01:43:05","date_gmt":"2026-04-27T01:43:05","guid":{"rendered":"https:\/\/agrotechtyres.com\/product\/14-00-24-32p-cl629-westlake-port-tl-und-set-air-seal-ring-reifen\/"},"modified":"2026-04-28T22:52:41","modified_gmt":"2026-04-28T22:52:41","slug":"14-00-24-32p-cl629-westlake-port-tl-und-set-air-seal-ring-reifen","status":"publish","type":"product","link":"https:\/\/agrotechtyres.com\/de\/produkt\/14-00-24-32p-cl629-westlake-port-tl-und-set-air-seal-ring-reifen\/","title":{"rendered":"14.00-24-32P CL629 WESTLAKE PORT TL&#038;SET Air Seal Ring Reifen"},"content":{"rendered":"<p>Der 14.00-24-32P CL629 WESTLAKE PORT TL&amp;SET Air Seal Ring Reifen ist ein diagonaler TL Reifen f\u00fcr Hafen und Umschlag und professionelle Maschinenanwendungen.<\/p>\n<p>Das Modell CL629 PORT &amp; Air Seal Ring eignet sich f\u00fcr Eins\u00e4tze, bei denen zuverl\u00e4ssige Traktion, Stabilit\u00e4t und eine passende Tragf\u00e4higkeit wichtig sind. Wichtige technische Angaben: 32PR, Tragf\u00e4higkeits-\/Geschwindigkeitsindex 32P.<\/p>\n<p>AgroTech Solution liefert Landwirtschafts-, Industrie- und Baumaschinenreifen in Europa. Kontaktieren Sie uns, um aktuelle Verf\u00fcgbarkeit, Lieferoptionen und die passende Reifenl\u00f6sung f\u00fcr Ihre Maschine zu best\u00e4tigen.<\/p>\n","protected":false},"excerpt":{"rendered":"<p>Reifen f\u00fcr Hafen- und Umschlaganwendungen, ausgelegt f\u00fcr zuverl\u00e4ssige Leistung im Materialhandling.<\/p>\n","protected":false},"featured_media":38942,"comment_status":"open","ping_status":"closed","template":"","meta":{"inline_featured_image":false},"product_brand":[],"product_cat":[2632],"product_tag":[1787,1794,1793,1791,2773,1792,2748,1670],"class_list":{"0":"post-41953","1":"product","2":"type-product","3":"status-publish","4":"has-post-thumbnail","6":"product_cat-hafen-und-umschlagreifen","7":"product_tag-14-00-24","8":"product_tag-32p","9":"product_tag-32pr","10":"product_tag-cl629-port-air-seal-ring","11":"product_tag-diagonal-2","12":"product_tag-ports-handling","13":"product_tag-tl","14":"product_tag-westlake","15":"pa_application-hafen-und-umschlag","16":"pa_brand-westlake","17":"pa_construction-diagonal","18":"pa_load-index-32p-de-2","19":"pa_model-cl629-port-air-seal-ring-de","20":"pa_pr-32-de-2","21":"pa_rim-diameter-24-de-2","22":"pa_tl-tt-tl","23":"pa_tyre-size-14-00-24-de","24":"pa_width-14-de-2","26":"first","27":"instock","28":"taxable","29":"shipping-taxable","30":"purchasable","31":"product-type-simple"},"_links":{"self":[{"href":"https:\/\/agrotechtyres.com\/de\/wp-json\/wp\/v2\/product\/41953","targetHints":{"allow":["GET"]}}],"collection":[{"href":"https:\/\/agrotechtyres.com\/de\/wp-json\/wp\/v2\/product"}],"about":[{"href":"https:\/\/agrotechtyres.com\/de\/wp-json\/wp\/v2\/types\/product"}],"replies":[{"embeddable":true,"href":"https:\/\/agrotechtyres.com\/de\/wp-json\/wp\/v2\/comments?post=41953"}],"version-history":[{"count":1,"href":"https:\/\/agrotechtyres.com\/de\/wp-json\/wp\/v2\/product\/41953\/revisions"}],"predecessor-version":[{"id":42335,"href":"https:\/\/agrotechtyres.com\/de\/wp-json\/wp\/v2\/product\/41953\/revisions\/42335"}],"wp:featuredmedia":[{"embeddable":true,"href":"https:\/\/agrotechtyres.com\/de\/wp-json\/wp\/v2\/media\/38942"}],"wp:attachment":[{"href":"https:\/\/agrotechtyres.com\/de\/wp-json\/wp\/v2\/media?parent=41953"}],"wp:term":[{"taxonomy":"product_brand","embeddable":true,"href":"https:\/\/agrotechtyres.com\/de\/wp-json\/wp\/v2\/product_brand?post=41953"},{"taxonomy":"product_cat","embeddable":true,"href":"https:\/\/agrotechtyres.com\/de\/wp-json\/wp\/v2\/product_cat?post=41953"},{"taxonomy":"product_tag","embeddable":true,"href":"https:\/\/agrotechtyres.com\/de\/wp-json\/wp\/v2\/product_tag?post=41953"}],"curies":[{"name":"wp","href":"https:\/\/api.w.org\/{rel}","templated":true}]}}