{"id":41933,"date":"2026-04-27T01:42:56","date_gmt":"2026-04-27T01:42:56","guid":{"rendered":"https:\/\/agrotechtyres.com\/product\/12-5-18-ceat-12pr-mpt-808-tl-reifen\/"},"modified":"2026-04-28T22:52:11","modified_gmt":"2026-04-28T22:52:11","slug":"12-5-18-ceat-12pr-mpt-808-tl-reifen","status":"publish","type":"product","link":"https:\/\/agrotechtyres.com\/de\/produkt\/12-5-18-ceat-12pr-mpt-808-tl-reifen\/","title":{"rendered":"12.5-18 CEAT 12PR MPT 808 TL Reifen"},"content":{"rendered":"<p>Der 12.5-18 CEAT 12PR MPT 808 TL Reifen ist ein diagonaler TL Reifen f\u00fcr Teleskoplader und professionelle Maschinenanwendungen.<\/p>\n<p>Das Modell MPT 808 eignet sich f\u00fcr Eins\u00e4tze, bei denen zuverl\u00e4ssige Traktion, Stabilit\u00e4t und eine passende Tragf\u00e4higkeit wichtig sind. Wichtige technische Angaben: 12PR.<\/p>\n<p>AgroTech Solution liefert Landwirtschafts-, Industrie- und Baumaschinenreifen in Europa. Kontaktieren Sie uns, um aktuelle Verf\u00fcgbarkeit, Lieferoptionen und die passende Reifenl\u00f6sung f\u00fcr Ihre Maschine zu best\u00e4tigen.<\/p>\n","protected":false},"excerpt":{"rendered":"<p>Baumaschinenreifen f\u00fcr Lader, Grader und Erdbewegungsmaschinen mit zuverl\u00e4ssiger Leistung im professionellen Einsatz.<\/p>\n","protected":false},"featured_media":38216,"comment_status":"open","ping_status":"closed","template":"","meta":{"inline_featured_image":false},"product_brand":[],"product_cat":[2628],"product_tag":[1765,1668,2771,2749,2773,1681,1682,2748],"class_list":{"0":"post-41933","1":"product","2":"type-product","3":"status-publish","4":"has-post-thumbnail","6":"product_cat-baumaschinenreifen","7":"product_tag-12-5-18","8":"product_tag-12pr","9":"product_tag-bau","10":"product_tag-ceat","11":"product_tag-diagonal-2","12":"product_tag-mpt-808","13":"product_tag-telehandler","14":"product_tag-tl","15":"pa_application-teleskoplader","16":"pa_brand-ceat","17":"pa_construction-diagonal","18":"pa_model-mpt-808-de","19":"pa_pr-12-de-2","20":"pa_rim-diameter-18-de-2","21":"pa_tl-tt-tl","22":"pa_tyre-size-12-5-18-de","23":"pa_width-12-5-de-2","25":"first","26":"instock","27":"taxable","28":"shipping-taxable","29":"purchasable","30":"product-type-simple"},"_links":{"self":[{"href":"https:\/\/agrotechtyres.com\/de\/wp-json\/wp\/v2\/product\/41933","targetHints":{"allow":["GET"]}}],"collection":[{"href":"https:\/\/agrotechtyres.com\/de\/wp-json\/wp\/v2\/product"}],"about":[{"href":"https:\/\/agrotechtyres.com\/de\/wp-json\/wp\/v2\/types\/product"}],"replies":[{"embeddable":true,"href":"https:\/\/agrotechtyres.com\/de\/wp-json\/wp\/v2\/comments?post=41933"}],"version-history":[{"count":1,"href":"https:\/\/agrotechtyres.com\/de\/wp-json\/wp\/v2\/product\/41933\/revisions"}],"predecessor-version":[{"id":42314,"href":"https:\/\/agrotechtyres.com\/de\/wp-json\/wp\/v2\/product\/41933\/revisions\/42314"}],"wp:featuredmedia":[{"embeddable":true,"href":"https:\/\/agrotechtyres.com\/de\/wp-json\/wp\/v2\/media\/38216"}],"wp:attachment":[{"href":"https:\/\/agrotechtyres.com\/de\/wp-json\/wp\/v2\/media?parent=41933"}],"wp:term":[{"taxonomy":"product_brand","embeddable":true,"href":"https:\/\/agrotechtyres.com\/de\/wp-json\/wp\/v2\/product_brand?post=41933"},{"taxonomy":"product_cat","embeddable":true,"href":"https:\/\/agrotechtyres.com\/de\/wp-json\/wp\/v2\/product_cat?post=41933"},{"taxonomy":"product_tag","embeddable":true,"href":"https:\/\/agrotechtyres.com\/de\/wp-json\/wp\/v2\/product_tag?post=41933"}],"curies":[{"name":"wp","href":"https:\/\/api.w.org\/{rel}","templated":true}]}}