{"id":41932,"date":"2026-04-27T01:42:51","date_gmt":"2026-04-27T01:42:51","guid":{"rendered":"https:\/\/agrotechtyres.com\/product\/12-4-36-ceat-farmax-tt-12-pr-reifen\/"},"modified":"2026-04-28T22:52:11","modified_gmt":"2026-04-28T22:52:11","slug":"12-4-36-ceat-farmax-tt-12-pr-reifen","status":"publish","type":"product","link":"https:\/\/agrotechtyres.com\/de\/produkt\/12-4-36-ceat-farmax-tt-12-pr-reifen\/","title":{"rendered":"12.4-36 CEAT FARMAX TT 12 PR Reifen"},"content":{"rendered":"<p>Der 12.4-36 CEAT FARMAX TT 12 PR Reifen ist ein diagonaler TT Reifen f\u00fcr Traktor und professionelle Maschinenanwendungen.<\/p>\n<p>Das Modell FARMAX eignet sich f\u00fcr Eins\u00e4tze, bei denen zuverl\u00e4ssige Traktion, Stabilit\u00e4t und eine passende Tragf\u00e4higkeit wichtig sind. Wichtige technische Angaben: 12PR.<\/p>\n<p>AgroTech Solution liefert Landwirtschafts-, Industrie- und Baumaschinenreifen in Europa. Kontaktieren Sie uns, um aktuelle Verf\u00fcgbarkeit, Lieferoptionen und die passende Reifenl\u00f6sung f\u00fcr Ihre Maschine zu best\u00e4tigen.<\/p>\n","protected":false},"excerpt":{"rendered":"<p>Landwirtschaftsreifen f\u00fcr zuverl\u00e4ssige Traktion, Stabilit\u00e4t und Leistung unter anspruchsvollen Einsatzbedingungen.<\/p>\n","protected":false},"featured_media":38160,"comment_status":"open","ping_status":"closed","template":"","meta":{"inline_featured_image":false},"product_brand":[],"product_cat":[1623],"product_tag":[1723,1668,2751,2749,2773,1701,2752,1687],"class_list":{"0":"post-41932","1":"product","2":"type-product","3":"status-publish","4":"has-post-thumbnail","6":"product_cat-landwirtschaftsreifen","7":"product_tag-12-4-36","8":"product_tag-12pr","9":"product_tag-agriculture","10":"product_tag-ceat","11":"product_tag-diagonal-2","12":"product_tag-farmax","13":"product_tag-tractor","14":"product_tag-tt","15":"pa_application-traktor","16":"pa_brand-ceat","17":"pa_construction-diagonal","18":"pa_model-farmax-de","19":"pa_pr-12-de-2","20":"pa_rim-diameter-36-de-2","21":"pa_tl-tt-tt-de-2","22":"pa_tyre-size-12-4-36-de","23":"pa_width-12-4-de-2","25":"first","26":"instock","27":"taxable","28":"shipping-taxable","29":"purchasable","30":"product-type-simple"},"_links":{"self":[{"href":"https:\/\/agrotechtyres.com\/de\/wp-json\/wp\/v2\/product\/41932","targetHints":{"allow":["GET"]}}],"collection":[{"href":"https:\/\/agrotechtyres.com\/de\/wp-json\/wp\/v2\/product"}],"about":[{"href":"https:\/\/agrotechtyres.com\/de\/wp-json\/wp\/v2\/types\/product"}],"replies":[{"embeddable":true,"href":"https:\/\/agrotechtyres.com\/de\/wp-json\/wp\/v2\/comments?post=41932"}],"version-history":[{"count":1,"href":"https:\/\/agrotechtyres.com\/de\/wp-json\/wp\/v2\/product\/41932\/revisions"}],"predecessor-version":[{"id":42313,"href":"https:\/\/agrotechtyres.com\/de\/wp-json\/wp\/v2\/product\/41932\/revisions\/42313"}],"wp:featuredmedia":[{"embeddable":true,"href":"https:\/\/agrotechtyres.com\/de\/wp-json\/wp\/v2\/media\/38160"}],"wp:attachment":[{"href":"https:\/\/agrotechtyres.com\/de\/wp-json\/wp\/v2\/media?parent=41932"}],"wp:term":[{"taxonomy":"product_brand","embeddable":true,"href":"https:\/\/agrotechtyres.com\/de\/wp-json\/wp\/v2\/product_brand?post=41932"},{"taxonomy":"product_cat","embeddable":true,"href":"https:\/\/agrotechtyres.com\/de\/wp-json\/wp\/v2\/product_cat?post=41932"},{"taxonomy":"product_tag","embeddable":true,"href":"https:\/\/agrotechtyres.com\/de\/wp-json\/wp\/v2\/product_tag?post=41932"}],"curies":[{"name":"wp","href":"https:\/\/api.w.org\/{rel}","templated":true}]}}