{"id":41924,"date":"2026-04-27T01:42:49","date_gmt":"2026-04-27T01:42:49","guid":{"rendered":"https:\/\/agrotechtyres.com\/product\/11l-15-12pr-vk107-farm-hwy-xl-reifen\/"},"modified":"2026-04-28T22:52:08","modified_gmt":"2026-04-28T22:52:08","slug":"11l-15-12pr-vk107-farm-hwy-xl-reifen","status":"publish","type":"product","link":"https:\/\/agrotechtyres.com\/de\/produkt\/11l-15-12pr-vk107-farm-hwy-xl-reifen\/","title":{"rendered":"11L-15 12PR VK107 FARM HWY XL Reifen"},"content":{"rendered":"<p>Der 11L-15 12PR VK107 FARM HWY XL Reifen ist ein diagonaler TL Reifen f\u00fcr landwirtschaftliche Ger\u00e4te und professionelle Maschinenanwendungen.<\/p>\n<p>Das Modell VK107 FARM HWY XL eignet sich f\u00fcr Eins\u00e4tze, bei denen zuverl\u00e4ssige Traktion, Stabilit\u00e4t und eine passende Tragf\u00e4higkeit wichtig sind. Wichtige technische Angaben: 12PR, Tragf\u00e4higkeits-\/Geschwindigkeitsindex 11L.<\/p>\n<p>AgroTech Solution liefert Landwirtschafts-, Industrie- und Baumaschinenreifen in Europa. Kontaktieren Sie uns, um aktuelle Verf\u00fcgbarkeit, Lieferoptionen und die passende Reifenl\u00f6sung f\u00fcr Ihre Maschine zu best\u00e4tigen.<\/p>\n","protected":false},"excerpt":{"rendered":"<p>Reifen f\u00fcr landwirtschaftliche Ger\u00e4te, ausgelegt f\u00fcr zuverl\u00e4ssige Leistung und professionelle Anwendungen.<\/p>\n","protected":false},"featured_media":38732,"comment_status":"open","ping_status":"closed","template":"","meta":{"inline_featured_image":false},"product_brand":[],"product_cat":[2627],"product_tag":[1711,1709,1668,1675,2773,1676,2748,1659,1712],"class_list":{"0":"post-41924","1":"product","2":"type-product","3":"status-publish","4":"has-post-thumbnail","6":"product_cat-agro-industrie-reifen","7":"product_tag-11l","8":"product_tag-11l-15","9":"product_tag-12pr","10":"product_tag-agro-industrial","11":"product_tag-diagonal-2","12":"product_tag-implement","13":"product_tag-tl","14":"product_tag-vk","15":"product_tag-vk107-farm-hwy-xl","16":"pa_application-landwirtschaftliche-gerate","17":"pa_brand-vk","18":"pa_construction-diagonal","19":"pa_load-index-11l-de-2","20":"pa_model-vk107-farm-hwy-xl-de","21":"pa_pr-12-de-2","22":"pa_rim-diameter-15-de-2","23":"pa_tl-tt-tl","24":"pa_tyre-size-11l-15-de","25":"pa_width-11-de-2","27":"first","28":"instock","29":"taxable","30":"shipping-taxable","31":"purchasable","32":"product-type-simple"},"_links":{"self":[{"href":"https:\/\/agrotechtyres.com\/de\/wp-json\/wp\/v2\/product\/41924","targetHints":{"allow":["GET"]}}],"collection":[{"href":"https:\/\/agrotechtyres.com\/de\/wp-json\/wp\/v2\/product"}],"about":[{"href":"https:\/\/agrotechtyres.com\/de\/wp-json\/wp\/v2\/types\/product"}],"replies":[{"embeddable":true,"href":"https:\/\/agrotechtyres.com\/de\/wp-json\/wp\/v2\/comments?post=41924"}],"version-history":[{"count":1,"href":"https:\/\/agrotechtyres.com\/de\/wp-json\/wp\/v2\/product\/41924\/revisions"}],"predecessor-version":[{"id":42305,"href":"https:\/\/agrotechtyres.com\/de\/wp-json\/wp\/v2\/product\/41924\/revisions\/42305"}],"wp:featuredmedia":[{"embeddable":true,"href":"https:\/\/agrotechtyres.com\/de\/wp-json\/wp\/v2\/media\/38732"}],"wp:attachment":[{"href":"https:\/\/agrotechtyres.com\/de\/wp-json\/wp\/v2\/media?parent=41924"}],"wp:term":[{"taxonomy":"product_brand","embeddable":true,"href":"https:\/\/agrotechtyres.com\/de\/wp-json\/wp\/v2\/product_brand?post=41924"},{"taxonomy":"product_cat","embeddable":true,"href":"https:\/\/agrotechtyres.com\/de\/wp-json\/wp\/v2\/product_cat?post=41924"},{"taxonomy":"product_tag","embeddable":true,"href":"https:\/\/agrotechtyres.com\/de\/wp-json\/wp\/v2\/product_tag?post=41924"}],"curies":[{"name":"wp","href":"https:\/\/api.w.org\/{rel}","templated":true}]}}