{"id":41921,"date":"2026-04-27T01:42:48","date_gmt":"2026-04-27T01:42:48","guid":{"rendered":"https:\/\/agrotechtyres.com\/product\/11-5-80-15-3-16pr-vk101-implement-aw-reifen\/"},"modified":"2026-04-28T22:52:06","modified_gmt":"2026-04-28T22:52:06","slug":"11-5-80-15-3-16pr-vk101-implement-aw-reifen","status":"publish","type":"product","link":"https:\/\/agrotechtyres.com\/de\/produkt\/11-5-80-15-3-16pr-vk101-implement-aw-reifen\/","title":{"rendered":"11.5\/80-15.3 16PR VK101 IMPLEMENT-AW Reifen"},"content":{"rendered":"<p>Der 11.5\/80-15.3 16PR VK101 IMPLEMENT-AW Reifen ist ein diagonaler TL Reifen f\u00fcr landwirtschaftliche Ger\u00e4te und professionelle Maschinenanwendungen.<\/p>\n<p>Das Modell VK101 IMPLEMENT-AW eignet sich f\u00fcr Eins\u00e4tze, bei denen zuverl\u00e4ssige Traktion, Stabilit\u00e4t und eine passende Tragf\u00e4higkeit wichtig sind. Wichtige technische Angaben: 16PR, Tragf\u00e4higkeits-\/Geschwindigkeitsindex 147A6\/143A8.<\/p>\n<p>AgroTech Solution liefert Landwirtschafts-, Industrie- und Baumaschinenreifen in Europa. Kontaktieren Sie uns, um aktuelle Verf\u00fcgbarkeit, Lieferoptionen und die passende Reifenl\u00f6sung f\u00fcr Ihre Maschine zu best\u00e4tigen.<\/p>\n","protected":false},"excerpt":{"rendered":"<p>Reifen f\u00fcr landwirtschaftliche Ger\u00e4te, ausgelegt f\u00fcr zuverl\u00e4ssige Leistung und professionelle Anwendungen.<\/p>\n","protected":false},"featured_media":38760,"comment_status":"open","ping_status":"closed","template":"","meta":{"inline_featured_image":false},"product_brand":[],"product_cat":[2627],"product_tag":[1707,1708,1688,1675,2773,1676,2748,1659,1674],"class_list":{"0":"post-41921","1":"product","2":"type-product","3":"status-publish","4":"has-post-thumbnail","6":"product_cat-agro-industrie-reifen","7":"product_tag-11-5-80-15-3","8":"product_tag-147a6-143a8","9":"product_tag-16pr","10":"product_tag-agro-industrial","11":"product_tag-diagonal-2","12":"product_tag-implement","13":"product_tag-tl","14":"product_tag-vk","15":"product_tag-vk101-implement-aw","16":"pa_application-landwirtschaftliche-gerate","17":"pa_brand-vk","18":"pa_construction-diagonal","19":"pa_load-index-147a6-143a8-de-2","20":"pa_model-vk101-implement-aw-de","21":"pa_pr-16-de","22":"pa_profile-80-de-2","23":"pa_rim-diameter-15-3-de-2","24":"pa_tl-tt-tl","25":"pa_tyre-size-11-5-80-15-3-de","26":"pa_width-11-5-de-2","28":"first","29":"instock","30":"taxable","31":"shipping-taxable","32":"purchasable","33":"product-type-simple"},"_links":{"self":[{"href":"https:\/\/agrotechtyres.com\/de\/wp-json\/wp\/v2\/product\/41921","targetHints":{"allow":["GET"]}}],"collection":[{"href":"https:\/\/agrotechtyres.com\/de\/wp-json\/wp\/v2\/product"}],"about":[{"href":"https:\/\/agrotechtyres.com\/de\/wp-json\/wp\/v2\/types\/product"}],"replies":[{"embeddable":true,"href":"https:\/\/agrotechtyres.com\/de\/wp-json\/wp\/v2\/comments?post=41921"}],"version-history":[{"count":1,"href":"https:\/\/agrotechtyres.com\/de\/wp-json\/wp\/v2\/product\/41921\/revisions"}],"predecessor-version":[{"id":42302,"href":"https:\/\/agrotechtyres.com\/de\/wp-json\/wp\/v2\/product\/41921\/revisions\/42302"}],"wp:featuredmedia":[{"embeddable":true,"href":"https:\/\/agrotechtyres.com\/de\/wp-json\/wp\/v2\/media\/38760"}],"wp:attachment":[{"href":"https:\/\/agrotechtyres.com\/de\/wp-json\/wp\/v2\/media?parent=41921"}],"wp:term":[{"taxonomy":"product_brand","embeddable":true,"href":"https:\/\/agrotechtyres.com\/de\/wp-json\/wp\/v2\/product_brand?post=41921"},{"taxonomy":"product_cat","embeddable":true,"href":"https:\/\/agrotechtyres.com\/de\/wp-json\/wp\/v2\/product_cat?post=41921"},{"taxonomy":"product_tag","embeddable":true,"href":"https:\/\/agrotechtyres.com\/de\/wp-json\/wp\/v2\/product_tag?post=41921"}],"curies":[{"name":"wp","href":"https:\/\/api.w.org\/{rel}","templated":true}]}}