{"id":41899,"date":"2026-04-27T01:42:41","date_gmt":"2026-04-27T01:42:41","guid":{"rendered":"https:\/\/agrotechtyres.com\/product\/10-16-5-10pr-el77-westlake-tl-reifen\/"},"modified":"2026-04-28T22:52:00","modified_gmt":"2026-04-28T22:52:00","slug":"10-16-5-10pr-el77-westlake-tl-reifen","status":"publish","type":"product","link":"https:\/\/agrotechtyres.com\/de\/produkt\/10-16-5-10pr-el77-westlake-tl-reifen\/","title":{"rendered":"10-16.5-10PR EL77 WESTLAKE TL Reifen"},"content":{"rendered":"<p>Der 10-16.5-10PR EL77 WESTLAKE TL Reifen ist ein diagonaler TL Reifen f\u00fcr Lader und professionelle Maschinenanwendungen.<\/p>\n<p>Das Modell EL77 eignet sich f\u00fcr Eins\u00e4tze, bei denen zuverl\u00e4ssige Traktion, Stabilit\u00e4t und eine passende Tragf\u00e4higkeit wichtig sind. Wichtige technische Angaben: 10PR.<\/p>\n<p>AgroTech Solution liefert Landwirtschafts-, Industrie- und Baumaschinenreifen in Europa. Kontaktieren Sie uns, um aktuelle Verf\u00fcgbarkeit, Lieferoptionen und die passende Reifenl\u00f6sung f\u00fcr Ihre Maschine zu best\u00e4tigen.<\/p>\n","protected":false},"excerpt":{"rendered":"<p>Baumaschinenreifen f\u00fcr Lader, Grader und Erdbewegungsmaschinen mit zuverl\u00e4ssiger Leistung im professionellen Einsatz.<\/p>\n","protected":false},"featured_media":38775,"comment_status":"open","ping_status":"closed","template":"","meta":{"inline_featured_image":false},"product_brand":[],"product_cat":[2628],"product_tag":[1660,1666,2771,2773,1671,1672,2748,1670],"class_list":{"0":"post-41899","1":"product","2":"type-product","3":"status-publish","4":"has-post-thumbnail","6":"product_cat-baumaschinenreifen","7":"product_tag-10-16-5","8":"product_tag-10pr","9":"product_tag-bau","10":"product_tag-diagonal-2","11":"product_tag-el77","12":"product_tag-loader","13":"product_tag-tl","14":"product_tag-westlake","15":"pa_application-lader","16":"pa_brand-westlake","17":"pa_construction-diagonal","18":"pa_model-el77-de","19":"pa_pr-10-de-2","20":"pa_rim-diameter-16-5-de-2","21":"pa_tl-tt-tl","22":"pa_tyre-size-10-16-5-de","23":"pa_width-10-de-2","25":"first","26":"instock","27":"taxable","28":"shipping-taxable","29":"purchasable","30":"product-type-simple"},"_links":{"self":[{"href":"https:\/\/agrotechtyres.com\/de\/wp-json\/wp\/v2\/product\/41899","targetHints":{"allow":["GET"]}}],"collection":[{"href":"https:\/\/agrotechtyres.com\/de\/wp-json\/wp\/v2\/product"}],"about":[{"href":"https:\/\/agrotechtyres.com\/de\/wp-json\/wp\/v2\/types\/product"}],"replies":[{"embeddable":true,"href":"https:\/\/agrotechtyres.com\/de\/wp-json\/wp\/v2\/comments?post=41899"}],"version-history":[{"count":1,"href":"https:\/\/agrotechtyres.com\/de\/wp-json\/wp\/v2\/product\/41899\/revisions"}],"predecessor-version":[{"id":41906,"href":"https:\/\/agrotechtyres.com\/de\/wp-json\/wp\/v2\/product\/41899\/revisions\/41906"}],"wp:featuredmedia":[{"embeddable":true,"href":"https:\/\/agrotechtyres.com\/de\/wp-json\/wp\/v2\/media\/38775"}],"wp:attachment":[{"href":"https:\/\/agrotechtyres.com\/de\/wp-json\/wp\/v2\/media?parent=41899"}],"wp:term":[{"taxonomy":"product_brand","embeddable":true,"href":"https:\/\/agrotechtyres.com\/de\/wp-json\/wp\/v2\/product_brand?post=41899"},{"taxonomy":"product_cat","embeddable":true,"href":"https:\/\/agrotechtyres.com\/de\/wp-json\/wp\/v2\/product_cat?post=41899"},{"taxonomy":"product_tag","embeddable":true,"href":"https:\/\/agrotechtyres.com\/de\/wp-json\/wp\/v2\/product_tag?post=41899"}],"curies":[{"name":"wp","href":"https:\/\/api.w.org\/{rel}","templated":true}]}}